{"id":2,"date":"2020-09-04T23:25:35","date_gmt":"2020-09-04T23:25:35","guid":{"rendered":"https:\/\/demiansmusic.com\/?page_id=2"},"modified":"2025-06-21T02:37:34","modified_gmt":"2025-06-21T02:37:34","slug":"contact","status":"publish","type":"page","link":"http:\/\/demiansmusic.com\/en\/contato\/","title":{"rendered":"Contact"},"content":{"rendered":"<p>We are always eager to connect with our readers and partners. If you have feedback, questions or suggestions, we're here to help! Here's how you can get in touch with us:<\/p>\n\n\n\n<p><strong>Send us an e-mail<\/strong><br>For general questions, support or feedback, please send an e-mail to:<\/p>\n\n\n\n<p>\ud83d\udce7 <strong><a>help@izzotodigital.com.br<\/a><\/strong><\/p>\n\n\n\n<p>We strive to respond to all emails within 24-48 hours.<\/p>\n\n\n\n<p><strong>Social networks<\/strong><br>Stay up to date and interact with us through our social networks:<\/p>\n\n\n\n<p>\ud83d\udc26 Twitter: <a class=\"\" href=\"https:\/\/twitter.com\/izzotodigital\">@izzotodigital<\/a><br>\ud83d\udcf8 Instagram: <a class=\"\" href=\"https:\/\/instagram.com\/izzotodigital\">@izzotodigital<\/a><br>\ud83d\udcd8 Facebook: <a class=\"\" href=\"https:\/\/facebook.com\/izzotodigital\">@izzotodigital<\/a><\/p>\n\n\n\n<p><br>\n<div class=\"wpcf7 no-js\" id=\"wpcf7-f6-o1\" lang=\"pt-BR\" dir=\"ltr\" data-wpcf7-id=\"6\">\n<div class=\"screen-reader-response\"><p role=\"status\" aria-live=\"polite\" aria-atomic=\"true\"><\/p> <ul><\/ul><\/div>\n<form action=\"\/en\/wp-json\/wp\/v2\/pages\/2#wpcf7-f6-o1\" method=\"post\" class=\"wpcf7-form init\" aria-label=\"Contact forms\" novalidate=\"novalidate\" data-status=\"init\" data-trp-original-action=\"\/en\/wp-json\/wp\/v2\/pages\/2#wpcf7-f6-o1\">\n<fieldset class=\"hidden-fields-container\"><input type=\"hidden\" name=\"_wpcf7\" value=\"6\" \/><input type=\"hidden\" name=\"_wpcf7_version\" value=\"6.1.5\" \/><input type=\"hidden\" name=\"_wpcf7_locale\" value=\"pt_BR\" \/><input type=\"hidden\" name=\"_wpcf7_unit_tag\" value=\"wpcf7-f6-o1\" \/><input type=\"hidden\" name=\"_wpcf7_container_post\" value=\"0\" \/><input type=\"hidden\" name=\"_wpcf7_posted_data_hash\" value=\"\" \/>\n<\/fieldset>\n<p><label> Your name (required)<br \/>\n<span class=\"wpcf7-form-control-wrap\" data-name=\"your-name\"><input size=\"40\" maxlength=\"400\" class=\"wpcf7-form-control wpcf7-text wpcf7-validates-as-required\" aria-required=\"true\" aria-invalid=\"false\" value=\"\" type=\"text\" name=\"your-name\" \/><\/span> <\/label>\n<\/p>\n<p><label> Your e-mail (required)<br \/>\n<span class=\"wpcf7-form-control-wrap\" data-name=\"your-email\"><input size=\"40\" maxlength=\"400\" class=\"wpcf7-form-control wpcf7-email wpcf7-validates-as-required wpcf7-text wpcf7-validates-as-email\" aria-required=\"true\" aria-invalid=\"false\" value=\"\" type=\"email\" name=\"your-email\" \/><\/span> <\/label>\n<\/p>\n<p><label> Subject<br \/>\n<span class=\"wpcf7-form-control-wrap\" data-name=\"your-subject\"><input size=\"40\" maxlength=\"400\" class=\"wpcf7-form-control wpcf7-text\" aria-invalid=\"false\" value=\"\" type=\"text\" name=\"your-subject\" \/><\/span> <\/label>\n<\/p>\n<p><label> Your message<br \/>\n<span class=\"wpcf7-form-control-wrap\" data-name=\"your-message\"><textarea cols=\"40\" rows=\"10\" maxlength=\"2000\" class=\"wpcf7-form-control wpcf7-textarea\" aria-invalid=\"false\" name=\"your-message\"><\/textarea><\/span> <\/label>\n<\/p>\n<p><input class=\"wpcf7-form-control wpcf7-submit has-spinner\" type=\"submit\" value=\"Send\" \/>\n<\/p><div class=\"wpcf7-response-output\" aria-hidden=\"true\"><\/div>\n<input type=\"hidden\" name=\"trp-form-language\" value=\"en\"\/><\/form>\n<\/div>\n<\/p>","protected":false},"excerpt":{"rendered":"<p>We are always eager to connect with our readers and partners. If you have any feedback, questions or suggestions, we're here to help! See how you...<\/p>","protected":false},"author":2,"featured_media":0,"parent":0,"menu_order":0,"comment_status":"closed","ping_status":"open","template":"","meta":{"footnotes":""},"class_list":["post-2","page","type-page","status-publish","hentry"],"yoast_head":"<!-- This site is optimized with the Yoast SEO plugin v27.4 - https:\/\/yoast.com\/product\/yoast-seo-wordpress\/ -->\n<title>Contato - DemiansMusic<\/title>\n<meta name=\"robots\" content=\"index, follow, max-snippet:-1, max-image-preview:large, max-video-preview:-1\" \/>\n<link rel=\"canonical\" href=\"http:\/\/demiansmusic.com\/en\/contact\/\" \/>\n<meta property=\"og:locale\" content=\"en_US\" \/>\n<meta property=\"og:type\" content=\"article\" \/>\n<meta property=\"og:title\" content=\"Contato - DemiansMusic\" \/>\n<meta property=\"og:description\" content=\"Estamos sempre ansiosos para nos conectar com nossos leitores e parceiros. Se voc\u00ea tiver feedback, d\u00favidas ou sugest\u00f5es, estamos aqui para ajudar! Veja como voc\u00ea...\" \/>\n<meta property=\"og:url\" content=\"http:\/\/demiansmusic.com\/en\/contact\/\" \/>\n<meta property=\"og:site_name\" content=\"DemiansMusic\" \/>\n<meta property=\"article:modified_time\" content=\"2025-06-21T02:37:34+00:00\" \/>\n<meta name=\"twitter:card\" content=\"summary_large_image\" \/>\n<meta name=\"twitter:label1\" content=\"Est. reading time\" \/>\n\t<meta name=\"twitter:data1\" content=\"1 minute\" \/>\n<script type=\"application\/ld+json\" class=\"yoast-schema-graph\">{\"@context\":\"https:\\\/\\\/schema.org\",\"@graph\":[{\"@type\":\"WebPage\",\"@id\":\"http:\\\/\\\/demiansmusic.com\\\/es\\\/pongase-en-contacto-con\\\/\",\"url\":\"http:\\\/\\\/demiansmusic.com\\\/es\\\/pongase-en-contacto-con\\\/\",\"name\":\"Contato - DemiansMusic\",\"isPartOf\":{\"@id\":\"http:\\\/\\\/demiansmusic.com\\\/es\\\/#website\"},\"datePublished\":\"2020-09-04T23:25:35+00:00\",\"dateModified\":\"2025-06-21T02:37:34+00:00\",\"breadcrumb\":{\"@id\":\"http:\\\/\\\/demiansmusic.com\\\/es\\\/pongase-en-contacto-con\\\/#breadcrumb\"},\"inLanguage\":\"en-US\",\"potentialAction\":[{\"@type\":\"ReadAction\",\"target\":[\"http:\\\/\\\/demiansmusic.com\\\/es\\\/pongase-en-contacto-con\\\/\"]}]},{\"@type\":\"BreadcrumbList\",\"@id\":\"http:\\\/\\\/demiansmusic.com\\\/es\\\/pongase-en-contacto-con\\\/#breadcrumb\",\"itemListElement\":[{\"@type\":\"ListItem\",\"position\":1,\"name\":\"Home\",\"item\":\"http:\\\/\\\/demiansmusic.com\\\/es\\\/\"},{\"@type\":\"ListItem\",\"position\":2,\"name\":\"Contato\"}]},{\"@type\":\"WebSite\",\"@id\":\"http:\\\/\\\/demiansmusic.com\\\/es\\\/#website\",\"url\":\"http:\\\/\\\/demiansmusic.com\\\/es\\\/\",\"name\":\"DemiansMusic\",\"description\":\"\",\"publisher\":{\"@id\":\"http:\\\/\\\/demiansmusic.com\\\/es\\\/#organization\"},\"potentialAction\":[{\"@type\":\"SearchAction\",\"target\":{\"@type\":\"EntryPoint\",\"urlTemplate\":\"http:\\\/\\\/demiansmusic.com\\\/es\\\/?s={search_term_string}\"},\"query-input\":{\"@type\":\"PropertyValueSpecification\",\"valueRequired\":true,\"valueName\":\"search_term_string\"}}],\"inLanguage\":\"en-US\"},{\"@type\":\"Organization\",\"@id\":\"http:\\\/\\\/demiansmusic.com\\\/es\\\/#organization\",\"name\":\"DemiansMusic\",\"url\":\"http:\\\/\\\/demiansmusic.com\\\/es\\\/\",\"logo\":{\"@type\":\"ImageObject\",\"inLanguage\":\"en-US\",\"@id\":\"http:\\\/\\\/demiansmusic.com\\\/es\\\/#\\\/schema\\\/logo\\\/image\\\/\",\"url\":\"http:\\\/\\\/demiansmusic.com\\\/wp-content\\\/uploads\\\/2026\\\/02\\\/cropped-logo.png\",\"contentUrl\":\"http:\\\/\\\/demiansmusic.com\\\/wp-content\\\/uploads\\\/2026\\\/02\\\/cropped-logo.png\",\"width\":133,\"height\":40,\"caption\":\"DemiansMusic\"},\"image\":{\"@id\":\"http:\\\/\\\/demiansmusic.com\\\/es\\\/#\\\/schema\\\/logo\\\/image\\\/\"}}]}<\/script>\n<!-- \/ Yoast SEO plugin. -->","yoast_head_json":{"title":"Contact - DemiansMusic","robots":{"index":"index","follow":"follow","max-snippet":"max-snippet:-1","max-image-preview":"max-image-preview:large","max-video-preview":"max-video-preview:-1"},"canonical":"http:\/\/demiansmusic.com\/en\/contact\/","og_locale":"en_US","og_type":"article","og_title":"Contato - DemiansMusic","og_description":"Estamos sempre ansiosos para nos conectar com nossos leitores e parceiros. Se voc\u00ea tiver feedback, d\u00favidas ou sugest\u00f5es, estamos aqui para ajudar! Veja como voc\u00ea...","og_url":"http:\/\/demiansmusic.com\/en\/contact\/","og_site_name":"DemiansMusic","article_modified_time":"2025-06-21T02:37:34+00:00","twitter_card":"summary_large_image","twitter_misc":{"Est. reading time":"1 minute"},"schema":{"@context":"https:\/\/schema.org","@graph":[{"@type":"WebPage","@id":"http:\/\/demiansmusic.com\/es\/pongase-en-contacto-con\/","url":"http:\/\/demiansmusic.com\/es\/pongase-en-contacto-con\/","name":"Contact - DemiansMusic","isPartOf":{"@id":"http:\/\/demiansmusic.com\/es\/#website"},"datePublished":"2020-09-04T23:25:35+00:00","dateModified":"2025-06-21T02:37:34+00:00","breadcrumb":{"@id":"http:\/\/demiansmusic.com\/es\/pongase-en-contacto-con\/#breadcrumb"},"inLanguage":"en-US","potentialAction":[{"@type":"ReadAction","target":["http:\/\/demiansmusic.com\/es\/pongase-en-contacto-con\/"]}]},{"@type":"BreadcrumbList","@id":"http:\/\/demiansmusic.com\/es\/pongase-en-contacto-con\/#breadcrumb","itemListElement":[{"@type":"ListItem","position":1,"name":"Home","item":"http:\/\/demiansmusic.com\/es\/"},{"@type":"ListItem","position":2,"name":"Contato"}]},{"@type":"WebSite","@id":"http:\/\/demiansmusic.com\/es\/#website","url":"http:\/\/demiansmusic.com\/es\/","name":"DemiansMusic","description":"","publisher":{"@id":"http:\/\/demiansmusic.com\/es\/#organization"},"potentialAction":[{"@type":"SearchAction","target":{"@type":"EntryPoint","urlTemplate":"http:\/\/demiansmusic.com\/es\/?s={search_term_string}"},"query-input":{"@type":"PropertyValueSpecification","valueRequired":true,"valueName":"search_term_string"}}],"inLanguage":"en-US"},{"@type":"Organization","@id":"http:\/\/demiansmusic.com\/es\/#organization","name":"DemiansMusic","url":"http:\/\/demiansmusic.com\/es\/","logo":{"@type":"ImageObject","inLanguage":"en-US","@id":"http:\/\/demiansmusic.com\/es\/#\/schema\/logo\/image\/","url":"http:\/\/demiansmusic.com\/wp-content\/uploads\/2026\/02\/cropped-logo.png","contentUrl":"http:\/\/demiansmusic.com\/wp-content\/uploads\/2026\/02\/cropped-logo.png","width":133,"height":40,"caption":"DemiansMusic"},"image":{"@id":"http:\/\/demiansmusic.com\/es\/#\/schema\/logo\/image\/"}}]}},"_links":{"self":[{"href":"http:\/\/demiansmusic.com\/en\/wp-json\/wp\/v2\/pages\/2","targetHints":{"allow":["GET"]}}],"collection":[{"href":"http:\/\/demiansmusic.com\/en\/wp-json\/wp\/v2\/pages"}],"about":[{"href":"http:\/\/demiansmusic.com\/en\/wp-json\/wp\/v2\/types\/page"}],"author":[{"embeddable":true,"href":"http:\/\/demiansmusic.com\/en\/wp-json\/wp\/v2\/users\/2"}],"replies":[{"embeddable":true,"href":"http:\/\/demiansmusic.com\/en\/wp-json\/wp\/v2\/comments?post=2"}],"version-history":[{"count":2,"href":"http:\/\/demiansmusic.com\/en\/wp-json\/wp\/v2\/pages\/2\/revisions"}],"predecessor-version":[{"id":93569,"href":"http:\/\/demiansmusic.com\/en\/wp-json\/wp\/v2\/pages\/2\/revisions\/93569"}],"wp:attachment":[{"href":"http:\/\/demiansmusic.com\/en\/wp-json\/wp\/v2\/media?parent=2"}],"curies":[{"name":"wp","href":"https:\/\/api.w.org\/{rel}","templated":true}]}}