{"id":2,"date":"2020-09-04T23:25:35","date_gmt":"2020-09-04T23:25:35","guid":{"rendered":"https:\/\/demiansmusic.com\/?page_id=2"},"modified":"2025-06-21T02:37:34","modified_gmt":"2025-06-21T02:37:34","slug":"pongase-en-contacto-con","status":"publish","type":"page","link":"http:\/\/demiansmusic.com\/es\/contato\/","title":{"rendered":"P\u00f3ngase en contacto con"},"content":{"rendered":"<p>Siempre estamos dispuestos a conectar con nuestros lectores y socios. Si tiene comentarios, preguntas o sugerencias, \u00a1estamos aqu\u00ed para ayudarle! P\u00f3ngase en contacto con nosotros:<\/p>\n\n\n\n<p><strong>Env\u00edenos un e-mail<\/strong><br>Para consultas generales, asistencia o comentarios, env\u00ede un correo electr\u00f3nico a:<\/p>\n\n\n\n<p>\ud83d\udce7 <strong><a>help@izzotodigital.com.br<\/a><\/strong><\/p>\n\n\n\n<p>Nos esforzamos por responder a todos los correos electr\u00f3nicos en un plazo de 24-48 horas.<\/p>\n\n\n\n<p><strong>Redes sociales<\/strong><br>Mant\u00e9ngase al d\u00eda e interact\u00fae con nosotros a trav\u00e9s de nuestras redes sociales:<\/p>\n\n\n\n<p>\ud83d\udc26 Twitter: <a class=\"\" href=\"https:\/\/twitter.com\/izzotodigital\">@izzotodigital<\/a><br>\ud83d\udcf8 Instagram: <a class=\"\" href=\"https:\/\/instagram.com\/izzotodigital\">@izzotodigital<\/a><br>\ud83d\udcd8 Facebook: <a class=\"\" href=\"https:\/\/facebook.com\/izzotodigital\">@izzotodigital<\/a><\/p>\n\n\n\n<p><br>\n<div class=\"wpcf7 no-js\" id=\"wpcf7-f6-o1\" lang=\"pt-BR\" dir=\"ltr\" data-wpcf7-id=\"6\">\n<div class=\"screen-reader-response\"><p role=\"status\" aria-live=\"polite\" aria-atomic=\"true\"><\/p> <ul><\/ul><\/div>\n<form action=\"\/es\/wp-json\/wp\/v2\/pages\/2#wpcf7-f6-o1\" method=\"post\" class=\"wpcf7-form init\" aria-label=\"Formularios de contacto\" novalidate=\"novalidate\" data-status=\"init\" data-trp-original-action=\"\/es\/wp-json\/wp\/v2\/pages\/2#wpcf7-f6-o1\">\n<fieldset class=\"hidden-fields-container\"><input type=\"hidden\" name=\"_wpcf7\" value=\"6\" \/><input type=\"hidden\" name=\"_wpcf7_version\" value=\"6.1.5\" \/><input type=\"hidden\" name=\"_wpcf7_locale\" value=\"pt_BR\" \/><input type=\"hidden\" name=\"_wpcf7_unit_tag\" value=\"wpcf7-f6-o1\" \/><input type=\"hidden\" name=\"_wpcf7_container_post\" value=\"0\" \/><input type=\"hidden\" name=\"_wpcf7_posted_data_hash\" value=\"\" \/>\n<\/fieldset>\n<p><label> Su nombre (obligatorio)<br \/>\n<span class=\"wpcf7-form-control-wrap\" data-name=\"your-name\"><input size=\"40\" maxlength=\"400\" class=\"wpcf7-form-control wpcf7-text wpcf7-validates-as-required\" aria-required=\"true\" aria-invalid=\"false\" value=\"\" type=\"text\" name=\"your-name\" \/><\/span> <\/label>\n<\/p>\n<p><label> Su direcci\u00f3n de correo electr\u00f3nico (obligatorio)<br \/>\n<span class=\"wpcf7-form-control-wrap\" data-name=\"your-email\"><input size=\"40\" maxlength=\"400\" class=\"wpcf7-form-control wpcf7-email wpcf7-validates-as-required wpcf7-text wpcf7-validates-as-email\" aria-required=\"true\" aria-invalid=\"false\" value=\"\" type=\"email\" name=\"your-email\" \/><\/span> <\/label>\n<\/p>\n<p><label> Asunto<br \/>\n<span class=\"wpcf7-form-control-wrap\" data-name=\"your-subject\"><input size=\"40\" maxlength=\"400\" class=\"wpcf7-form-control wpcf7-text\" aria-invalid=\"false\" value=\"\" type=\"text\" name=\"your-subject\" \/><\/span> <\/label>\n<\/p>\n<p><label> Su mensaje<br \/>\n<span class=\"wpcf7-form-control-wrap\" data-name=\"your-message\"><textarea cols=\"40\" rows=\"10\" maxlength=\"2000\" class=\"wpcf7-form-control wpcf7-textarea\" aria-invalid=\"false\" name=\"your-message\"><\/textarea><\/span> <\/label>\n<\/p>\n<p><input class=\"wpcf7-form-control wpcf7-submit has-spinner\" type=\"submit\" value=\"Enviar\" \/>\n<\/p><div class=\"wpcf7-response-output\" aria-hidden=\"true\"><\/div>\n<input type=\"hidden\" name=\"trp-form-language\" value=\"es\"\/><\/form>\n<\/div>\n<\/p>","protected":false},"excerpt":{"rendered":"<p>Siempre estamos dispuestos a conectar con nuestros lectores y socios. Si tiene alg\u00fan comentario, pregunta o sugerencia, \u00a1estamos aqu\u00ed para ayudarle! Vea c\u00f3mo...<\/p>","protected":false},"author":2,"featured_media":0,"parent":0,"menu_order":0,"comment_status":"closed","ping_status":"open","template":"","meta":{"footnotes":""},"class_list":["post-2","page","type-page","status-publish","hentry"],"yoast_head":"<!-- This site is optimized with the Yoast SEO plugin v27.4 - https:\/\/yoast.com\/product\/yoast-seo-wordpress\/ -->\n<title>Contato - DemiansMusic<\/title>\n<meta name=\"robots\" content=\"index, follow, max-snippet:-1, max-image-preview:large, max-video-preview:-1\" \/>\n<link rel=\"canonical\" href=\"https:\/\/demiansmusic.com\/es\/pongase-en-contacto-con\/\" \/>\n<meta property=\"og:locale\" content=\"es_ES\" \/>\n<meta property=\"og:type\" content=\"article\" \/>\n<meta property=\"og:title\" content=\"Contato - DemiansMusic\" \/>\n<meta property=\"og:description\" content=\"Estamos sempre ansiosos para nos conectar com nossos leitores e parceiros. Se voc\u00ea tiver feedback, d\u00favidas ou sugest\u00f5es, estamos aqui para ajudar! Veja como voc\u00ea...\" \/>\n<meta property=\"og:url\" content=\"https:\/\/demiansmusic.com\/es\/pongase-en-contacto-con\/\" \/>\n<meta property=\"og:site_name\" content=\"DemiansMusic\" \/>\n<meta property=\"article:modified_time\" content=\"2025-06-21T02:37:34+00:00\" \/>\n<meta name=\"twitter:card\" content=\"summary_large_image\" \/>\n<meta name=\"twitter:label1\" content=\"Tiempo de lectura\" \/>\n\t<meta name=\"twitter:data1\" content=\"1 minuto\" \/>\n<script type=\"application\/ld+json\" class=\"yoast-schema-graph\">{\"@context\":\"https:\\\/\\\/schema.org\",\"@graph\":[{\"@type\":\"WebPage\",\"@id\":\"https:\\\/\\\/demiansmusic.com\\\/contato\\\/\",\"url\":\"https:\\\/\\\/demiansmusic.com\\\/contato\\\/\",\"name\":\"Contato - DemiansMusic\",\"isPartOf\":{\"@id\":\"http:\\\/\\\/demiansmusic.com\\\/#website\"},\"datePublished\":\"2020-09-04T23:25:35+00:00\",\"dateModified\":\"2025-06-21T02:37:34+00:00\",\"breadcrumb\":{\"@id\":\"https:\\\/\\\/demiansmusic.com\\\/contato\\\/#breadcrumb\"},\"inLanguage\":\"es\",\"potentialAction\":[{\"@type\":\"ReadAction\",\"target\":[\"https:\\\/\\\/demiansmusic.com\\\/contato\\\/\"]}]},{\"@type\":\"BreadcrumbList\",\"@id\":\"https:\\\/\\\/demiansmusic.com\\\/contato\\\/#breadcrumb\",\"itemListElement\":[{\"@type\":\"ListItem\",\"position\":1,\"name\":\"Home\",\"item\":\"http:\\\/\\\/demiansmusic.com\\\/\"},{\"@type\":\"ListItem\",\"position\":2,\"name\":\"Contato\"}]},{\"@type\":\"WebSite\",\"@id\":\"http:\\\/\\\/demiansmusic.com\\\/#website\",\"url\":\"http:\\\/\\\/demiansmusic.com\\\/\",\"name\":\"DemiansMusic\",\"description\":\"\",\"publisher\":{\"@id\":\"http:\\\/\\\/demiansmusic.com\\\/#organization\"},\"potentialAction\":[{\"@type\":\"SearchAction\",\"target\":{\"@type\":\"EntryPoint\",\"urlTemplate\":\"http:\\\/\\\/demiansmusic.com\\\/?s={search_term_string}\"},\"query-input\":{\"@type\":\"PropertyValueSpecification\",\"valueRequired\":true,\"valueName\":\"search_term_string\"}}],\"inLanguage\":\"es\"},{\"@type\":\"Organization\",\"@id\":\"http:\\\/\\\/demiansmusic.com\\\/#organization\",\"name\":\"DemiansMusic\",\"url\":\"http:\\\/\\\/demiansmusic.com\\\/\",\"logo\":{\"@type\":\"ImageObject\",\"inLanguage\":\"es\",\"@id\":\"http:\\\/\\\/demiansmusic.com\\\/#\\\/schema\\\/logo\\\/image\\\/\",\"url\":\"http:\\\/\\\/demiansmusic.com\\\/wp-content\\\/uploads\\\/2026\\\/02\\\/cropped-logo.png\",\"contentUrl\":\"http:\\\/\\\/demiansmusic.com\\\/wp-content\\\/uploads\\\/2026\\\/02\\\/cropped-logo.png\",\"width\":133,\"height\":40,\"caption\":\"DemiansMusic\"},\"image\":{\"@id\":\"http:\\\/\\\/demiansmusic.com\\\/#\\\/schema\\\/logo\\\/image\\\/\"}}]}<\/script>\n<!-- \/ Yoast SEO plugin. -->","yoast_head_json":{"title":"Contacto - DemiansMusic","robots":{"index":"index","follow":"follow","max-snippet":"max-snippet:-1","max-image-preview":"max-image-preview:large","max-video-preview":"max-video-preview:-1"},"canonical":"https:\/\/demiansmusic.com\/es\/pongase-en-contacto-con\/","og_locale":"es_ES","og_type":"article","og_title":"Contato - DemiansMusic","og_description":"Estamos sempre ansiosos para nos conectar com nossos leitores e parceiros. Se voc\u00ea tiver feedback, d\u00favidas ou sugest\u00f5es, estamos aqui para ajudar! Veja como voc\u00ea...","og_url":"https:\/\/demiansmusic.com\/es\/pongase-en-contacto-con\/","og_site_name":"DemiansMusic","article_modified_time":"2025-06-21T02:37:34+00:00","twitter_card":"summary_large_image","twitter_misc":{"Tiempo de lectura":"1 minuto"},"schema":{"@context":"https:\/\/schema.org","@graph":[{"@type":"WebPage","@id":"https:\/\/demiansmusic.com\/contato\/","url":"https:\/\/demiansmusic.com\/contato\/","name":"Contacto - DemiansMusic","isPartOf":{"@id":"http:\/\/demiansmusic.com\/#website"},"datePublished":"2020-09-04T23:25:35+00:00","dateModified":"2025-06-21T02:37:34+00:00","breadcrumb":{"@id":"https:\/\/demiansmusic.com\/contato\/#breadcrumb"},"inLanguage":"es","potentialAction":[{"@type":"ReadAction","target":["https:\/\/demiansmusic.com\/contato\/"]}]},{"@type":"BreadcrumbList","@id":"https:\/\/demiansmusic.com\/contato\/#breadcrumb","itemListElement":[{"@type":"ListItem","position":1,"name":"Home","item":"http:\/\/demiansmusic.com\/"},{"@type":"ListItem","position":2,"name":"Contato"}]},{"@type":"WebSite","@id":"http:\/\/demiansmusic.com\/#website","url":"http:\/\/demiansmusic.com\/","name":"DemiansM\u00fasica","description":"","publisher":{"@id":"http:\/\/demiansmusic.com\/#organization"},"potentialAction":[{"@type":"SearchAction","target":{"@type":"EntryPoint","urlTemplate":"http:\/\/demiansmusic.com\/?s={search_term_string}"},"query-input":{"@type":"PropertyValueSpecification","valueRequired":true,"valueName":"search_term_string"}}],"inLanguage":"es"},{"@type":"Organization","@id":"http:\/\/demiansmusic.com\/#organization","name":"DemiansM\u00fasica","url":"http:\/\/demiansmusic.com\/","logo":{"@type":"ImageObject","inLanguage":"es","@id":"http:\/\/demiansmusic.com\/#\/schema\/logo\/image\/","url":"http:\/\/demiansmusic.com\/wp-content\/uploads\/2026\/02\/cropped-logo.png","contentUrl":"http:\/\/demiansmusic.com\/wp-content\/uploads\/2026\/02\/cropped-logo.png","width":133,"height":40,"caption":"DemiansMusic"},"image":{"@id":"http:\/\/demiansmusic.com\/#\/schema\/logo\/image\/"}}]}},"_links":{"self":[{"href":"http:\/\/demiansmusic.com\/es\/wp-json\/wp\/v2\/pages\/2","targetHints":{"allow":["GET"]}}],"collection":[{"href":"http:\/\/demiansmusic.com\/es\/wp-json\/wp\/v2\/pages"}],"about":[{"href":"http:\/\/demiansmusic.com\/es\/wp-json\/wp\/v2\/types\/page"}],"author":[{"embeddable":true,"href":"http:\/\/demiansmusic.com\/es\/wp-json\/wp\/v2\/users\/2"}],"replies":[{"embeddable":true,"href":"http:\/\/demiansmusic.com\/es\/wp-json\/wp\/v2\/comments?post=2"}],"version-history":[{"count":2,"href":"http:\/\/demiansmusic.com\/es\/wp-json\/wp\/v2\/pages\/2\/revisions"}],"predecessor-version":[{"id":93569,"href":"http:\/\/demiansmusic.com\/es\/wp-json\/wp\/v2\/pages\/2\/revisions\/93569"}],"wp:attachment":[{"href":"http:\/\/demiansmusic.com\/es\/wp-json\/wp\/v2\/media?parent=2"}],"curies":[{"name":"wp","href":"https:\/\/api.w.org\/{rel}","templated":true}]}}