{"id":93501,"date":"2025-03-11T15:12:28","date_gmt":"2025-03-11T15:12:28","guid":{"rendered":"https:\/\/demiansmusic.com\/sobre\/"},"modified":"2025-06-21T02:36:47","modified_gmt":"2025-06-21T02:36:47","slug":"acerca-de","status":"publish","type":"page","link":"https:\/\/demiansmusic.com\/es\/sobre\/","title":{"rendered":"Acerca de"},"content":{"rendered":"<p>Bienvenido a <strong>M\u00fasica Demians<\/strong>!<\/p>\n\n\n\n<p>No <strong>M\u00fasica Demians<\/strong>Nuestra misi\u00f3n es ofrecerte lo mejor del universo musical con contenidos atractivos, valiosos consejos, tendencias sonoras y noticias del panorama art\u00edstico. Queremos ser tu fuente fiable de inspiraci\u00f3n, conocimiento y entretenimiento, conect\u00e1ndote con la m\u00fasica de una forma aut\u00e9ntica y apasionada.<\/p>\n\n\n\n<p><strong>Nuestros temas principales<\/strong><\/p>\n\n\n\n<p><strong>Descubrimientos musicales<\/strong><br>Exploramos artistas, \u00e1lbumes y estilos que merecen ser escuchados. Ya sea m\u00fasica alternativa, indie, cl\u00e1sicos o novedades, te ayudamos a ampliar tu repertorio con sugerencias cuidadosamente seleccionadas.<\/p>\n\n\n\n<p><strong>Cultura e historia de la m\u00fasica<\/strong><br>Compartimos curiosidades, hitos hist\u00f3ricos y movimientos culturales que han dado forma al sonido de distintas generaciones. Nuestro objetivo es enriquecer su experiencia musical con contexto y significado.<\/p>\n\n\n\n<p><strong>Tecnolog\u00eda y producci\u00f3n musical<\/strong><br>Siga las tendencias en equipos, software y t\u00e9cnicas de producci\u00f3n que est\u00e1n transformando nuestra forma de crear m\u00fasica. Destacamos recursos que pueden inspirar a m\u00fasicos, productores y amantes del sonido.<\/p>\n\n\n\n<p><strong>Noticias y tendencias<\/strong><br>Mant\u00e9ngase al d\u00eda de los \u00faltimos lanzamientos, festivales, premios, colaboraciones entre artistas y todo lo que mueve la industria musical en el mundo.<\/p>\n\n\n\n<p><strong>Nuestra misi\u00f3n<\/strong><br>Creemos que la m\u00fasica es un lenguaje universal y una poderosa herramienta de expresi\u00f3n, conexi\u00f3n y transformaci\u00f3n. Nuestro compromiso es ofrecer contenidos de calidad, accesibles y actualizados, para que est\u00e9s siempre bien informado e inspirado musicalmente.<\/p>\n\n\n\n<p><strong>P\u00f3ngase en contacto con nosotros<\/strong><\/p>\n\n\n\n<p>Nos encanta conectar con nuestros lectores y socios. Si tiene alguna sugerencia, pregunta o comentario, no dude en ponerse en contacto con nosotros. Estamos aqu\u00ed para escuchar y ayudar en todo lo que podamos.<\/p>\n\n\n\n<p>Correo electr\u00f3nico: <a>help@izzotodigital.com.br<\/a><br>Twitter: @izzotodigital<br>Instagram: @izzotodigital<br>Facebook: @izzotodigital<\/p>\n\n\n\n<p><strong>\u00danete a nosotros<\/strong><\/p>\n\n\n\n<p>S\u00edganos en las redes sociales para estar al d\u00eda de las \u00faltimas noticias, recomendaciones exclusivas y mucho m\u00e1s. Esperamos construir contigo una comunidad musical comprometida y apasionada.<\/p>\n\n\n\n<p>Muchas gracias por su visita <strong>M\u00fasica Demians<\/strong>\u00a1! Esperamos que disfrute de nuestro contenido y que marque la diferencia en su experiencia musical. \u00a1Exploremos juntos el fascinante mundo de la m\u00fasica!<\/p>","protected":false},"excerpt":{"rendered":"<p>Bem-vindo ao Demians Music! No Demians Music, nossa miss\u00e3o \u00e9 levar at\u00e9 voc\u00ea o melhor do universo musical com conte\u00fados envolventes, dicas valiosas, tend\u00eancias sonoras&#8230;<\/p>","protected":false},"author":2,"featured_media":0,"parent":0,"menu_order":0,"comment_status":"closed","ping_status":"closed","template":"","meta":{"footnotes":""},"class_list":["post-93501","page","type-page","status-publish","hentry"],"yoast_head":"<!-- This site is optimized with the Yoast SEO plugin v27.4 - https:\/\/yoast.com\/product\/yoast-seo-wordpress\/ -->\n<title>Sobre - DemiansMusic<\/title>\n<meta name=\"robots\" content=\"index, follow, max-snippet:-1, max-image-preview:large, max-video-preview:-1\" \/>\n<link rel=\"canonical\" href=\"https:\/\/demiansmusic.com\/es\/acerca-de\/\" \/>\n<meta property=\"og:locale\" content=\"es_ES\" \/>\n<meta property=\"og:type\" content=\"article\" \/>\n<meta property=\"og:title\" content=\"Sobre - DemiansMusic\" \/>\n<meta property=\"og:description\" content=\"Bem-vindo ao Demians Music! No Demians Music, nossa miss\u00e3o \u00e9 levar at\u00e9 voc\u00ea o melhor do universo musical com conte\u00fados envolventes, dicas valiosas, tend\u00eancias sonoras...\" \/>\n<meta property=\"og:url\" content=\"https:\/\/demiansmusic.com\/es\/acerca-de\/\" \/>\n<meta property=\"og:site_name\" content=\"DemiansMusic\" \/>\n<meta property=\"article:modified_time\" content=\"2025-06-21T02:36:47+00:00\" \/>\n<meta name=\"twitter:card\" content=\"summary_large_image\" \/>\n<meta name=\"twitter:label1\" content=\"Tiempo de lectura\" \/>\n\t<meta name=\"twitter:data1\" content=\"2 minutos\" \/>\n<script type=\"application\/ld+json\" class=\"yoast-schema-graph\">{\"@context\":\"https:\\\/\\\/schema.org\",\"@graph\":[{\"@type\":\"WebPage\",\"@id\":\"https:\\\/\\\/demiansmusic.com\\\/en\\\/about\\\/\",\"url\":\"https:\\\/\\\/demiansmusic.com\\\/en\\\/about\\\/\",\"name\":\"Sobre - DemiansMusic\",\"isPartOf\":{\"@id\":\"https:\\\/\\\/demiansmusic.com\\\/en\\\/#website\"},\"datePublished\":\"2025-03-11T15:12:28+00:00\",\"dateModified\":\"2025-06-21T02:36:47+00:00\",\"breadcrumb\":{\"@id\":\"https:\\\/\\\/demiansmusic.com\\\/en\\\/about\\\/#breadcrumb\"},\"inLanguage\":\"es\",\"potentialAction\":[{\"@type\":\"ReadAction\",\"target\":[\"https:\\\/\\\/demiansmusic.com\\\/en\\\/about\\\/\"]}]},{\"@type\":\"BreadcrumbList\",\"@id\":\"https:\\\/\\\/demiansmusic.com\\\/en\\\/about\\\/#breadcrumb\",\"itemListElement\":[{\"@type\":\"ListItem\",\"position\":1,\"name\":\"Home\",\"item\":\"https:\\\/\\\/demiansmusic.com\\\/en\\\/\"},{\"@type\":\"ListItem\",\"position\":2,\"name\":\"Sobre\"}]},{\"@type\":\"WebSite\",\"@id\":\"https:\\\/\\\/demiansmusic.com\\\/en\\\/#website\",\"url\":\"https:\\\/\\\/demiansmusic.com\\\/en\\\/\",\"name\":\"DemiansMusic\",\"description\":\"\",\"publisher\":{\"@id\":\"https:\\\/\\\/demiansmusic.com\\\/en\\\/#organization\"},\"potentialAction\":[{\"@type\":\"SearchAction\",\"target\":{\"@type\":\"EntryPoint\",\"urlTemplate\":\"https:\\\/\\\/demiansmusic.com\\\/en\\\/?s={search_term_string}\"},\"query-input\":{\"@type\":\"PropertyValueSpecification\",\"valueRequired\":true,\"valueName\":\"search_term_string\"}}],\"inLanguage\":\"es\"},{\"@type\":\"Organization\",\"@id\":\"https:\\\/\\\/demiansmusic.com\\\/en\\\/#organization\",\"name\":\"DemiansMusic\",\"url\":\"https:\\\/\\\/demiansmusic.com\\\/en\\\/\",\"logo\":{\"@type\":\"ImageObject\",\"inLanguage\":\"es\",\"@id\":\"https:\\\/\\\/demiansmusic.com\\\/en\\\/#\\\/schema\\\/logo\\\/image\\\/\",\"url\":\"https:\\\/\\\/demiansmusic.com\\\/wp-content\\\/uploads\\\/2026\\\/02\\\/cropped-logo.png\",\"contentUrl\":\"https:\\\/\\\/demiansmusic.com\\\/wp-content\\\/uploads\\\/2026\\\/02\\\/cropped-logo.png\",\"width\":133,\"height\":40,\"caption\":\"DemiansMusic\"},\"image\":{\"@id\":\"https:\\\/\\\/demiansmusic.com\\\/en\\\/#\\\/schema\\\/logo\\\/image\\\/\"}}]}<\/script>\n<!-- \/ Yoast SEO plugin. -->","yoast_head_json":{"title":"Acerca de - DemiansMusic","robots":{"index":"index","follow":"follow","max-snippet":"max-snippet:-1","max-image-preview":"max-image-preview:large","max-video-preview":"max-video-preview:-1"},"canonical":"https:\/\/demiansmusic.com\/es\/acerca-de\/","og_locale":"es_ES","og_type":"article","og_title":"Sobre - DemiansMusic","og_description":"Bem-vindo ao Demians Music! No Demians Music, nossa miss\u00e3o \u00e9 levar at\u00e9 voc\u00ea o melhor do universo musical com conte\u00fados envolventes, dicas valiosas, tend\u00eancias sonoras...","og_url":"https:\/\/demiansmusic.com\/es\/acerca-de\/","og_site_name":"DemiansMusic","article_modified_time":"2025-06-21T02:36:47+00:00","twitter_card":"summary_large_image","twitter_misc":{"Tiempo de lectura":"2 minutos"},"schema":{"@context":"https:\/\/schema.org","@graph":[{"@type":"WebPage","@id":"https:\/\/demiansmusic.com\/en\/about\/","url":"https:\/\/demiansmusic.com\/en\/about\/","name":"Acerca de - DemiansMusic","isPartOf":{"@id":"https:\/\/demiansmusic.com\/en\/#website"},"datePublished":"2025-03-11T15:12:28+00:00","dateModified":"2025-06-21T02:36:47+00:00","breadcrumb":{"@id":"https:\/\/demiansmusic.com\/en\/about\/#breadcrumb"},"inLanguage":"es","potentialAction":[{"@type":"ReadAction","target":["https:\/\/demiansmusic.com\/en\/about\/"]}]},{"@type":"BreadcrumbList","@id":"https:\/\/demiansmusic.com\/en\/about\/#breadcrumb","itemListElement":[{"@type":"ListItem","position":1,"name":"Home","item":"https:\/\/demiansmusic.com\/en\/"},{"@type":"ListItem","position":2,"name":"Sobre"}]},{"@type":"WebSite","@id":"https:\/\/demiansmusic.com\/en\/#website","url":"https:\/\/demiansmusic.com\/en\/","name":"DemiansM\u00fasica","description":"","publisher":{"@id":"https:\/\/demiansmusic.com\/en\/#organization"},"potentialAction":[{"@type":"SearchAction","target":{"@type":"EntryPoint","urlTemplate":"https:\/\/demiansmusic.com\/en\/?s={search_term_string}"},"query-input":{"@type":"PropertyValueSpecification","valueRequired":true,"valueName":"search_term_string"}}],"inLanguage":"es"},{"@type":"Organization","@id":"https:\/\/demiansmusic.com\/en\/#organization","name":"DemiansM\u00fasica","url":"https:\/\/demiansmusic.com\/en\/","logo":{"@type":"ImageObject","inLanguage":"es","@id":"https:\/\/demiansmusic.com\/en\/#\/schema\/logo\/image\/","url":"https:\/\/demiansmusic.com\/wp-content\/uploads\/2026\/02\/cropped-logo.png","contentUrl":"https:\/\/demiansmusic.com\/wp-content\/uploads\/2026\/02\/cropped-logo.png","width":133,"height":40,"caption":"DemiansMusic"},"image":{"@id":"https:\/\/demiansmusic.com\/en\/#\/schema\/logo\/image\/"}}]}},"_links":{"self":[{"href":"https:\/\/demiansmusic.com\/es\/wp-json\/wp\/v2\/pages\/93501","targetHints":{"allow":["GET"]}}],"collection":[{"href":"https:\/\/demiansmusic.com\/es\/wp-json\/wp\/v2\/pages"}],"about":[{"href":"https:\/\/demiansmusic.com\/es\/wp-json\/wp\/v2\/types\/page"}],"author":[{"embeddable":true,"href":"https:\/\/demiansmusic.com\/es\/wp-json\/wp\/v2\/users\/2"}],"replies":[{"embeddable":true,"href":"https:\/\/demiansmusic.com\/es\/wp-json\/wp\/v2\/comments?post=93501"}],"version-history":[{"count":1,"href":"https:\/\/demiansmusic.com\/es\/wp-json\/wp\/v2\/pages\/93501\/revisions"}],"predecessor-version":[{"id":93568,"href":"https:\/\/demiansmusic.com\/es\/wp-json\/wp\/v2\/pages\/93501\/revisions\/93568"}],"wp:attachment":[{"href":"https:\/\/demiansmusic.com\/es\/wp-json\/wp\/v2\/media?parent=93501"}],"curies":[{"name":"wp","href":"https:\/\/api.w.org\/{rel}","templated":true}]}}